{"id":2822,"date":"2018-05-16T09:10:07","date_gmt":"2018-05-16T09:10:07","guid":{"rendered":"http:\/\/www.maslacoromina.cat\/?page_id=2822\/"},"modified":"2019-01-15T11:58:06","modified_gmt":"2019-01-15T11:58:06","slug":"contacto","status":"publish","type":"page","link":"https:\/\/www.maslacoromina.cat\/es\/contacto\/","title":{"rendered":"CONTACTO"},"content":{"rendered":"<p><strong>Mas la Coromina<\/strong><br \/>\nJoanetes, Vall d&#8217;en Bas, Garrotxa<br \/>\nTel\u00e9fono: <a href=\"tel:699746752\">699 746 752<\/a><br \/>\nCorreo electr\u00f3nico: <a href=\"mailto:info@maslacoromina.cat\">info@maslacoromina.cat<\/a><\/p>\n<hr \/>\n<p><strong>GPS:<\/strong><br \/>\nN 42\u00ba 7&#8242; 7.156\u00bb<br \/>\nE 2\u00ba 25&#8242; 50.635\u00bb<br \/>\nLatitud 42.118654393929454<br \/>\nLongitud 2.4307319487343193<\/p>\n<hr \/>\n<p><strong>En coche, estamos<\/strong>:<\/p>\n<p>A 20 minutos de Vic.<br \/>\nA 1 hora\u00a0de Girona.<br \/>\nA poco m\u00e1s de1 hora de Barcelona.<\/p>\n<hr \/>\n<p><strong>C\u00f3mo llegar en transporte p\u00fablico:<\/strong><br \/>\nEn\u00a0<a href=\"http:\/\/www.teisa-bus.com\/es\/index.html\" target=\"_blank\" rel=\"noopener noreferrer\">BUS<\/a><\/p>\n<ul>\n<li>Parada la Vall d&#8217;en Bas, Pol. la Serra<\/li>\n<li>3 km por el vecindario de Can Trona.<\/li>\n<\/ul>\n<p>En\u00a0<a href=\"http:\/\/www.renfe.com\/CA\/viajeros\/cercanias\/barcelona\/\" target=\"_blank\" rel=\"noopener noreferrer\">TREN<\/a>.<\/p>\n<ul>\n<li>Parada m\u00e1s pr\u00f3xima, TORELL\u00d3<\/li>\n<li><a href=\"http:\/\/www.teisa-bus.com\/es\/index.html\" target=\"_blank\" rel=\"noopener noreferrer\">BUS<\/a>.<\/li>\n<\/ul>\n<p>A\u00a0PIE\u00a0o en BICICLETA.<\/p>\n<ul>\n<li>Por la via verde del Carrilet Olot &#8211; Girona.<\/li>\n<li>3 km por el vecindario de Can Trona.<\/li>\n<\/ul>\n<hr \/>\n<p>&nbsp;<\/p>\n","protected":false},"excerpt":{"rendered":"<p>Mas la Coromina Joanetes, Vall d&#8217;en Bas, Garrotxa Tel\u00e9fono: 699 746 752 Correo electr\u00f3nico: info@maslacoromina.cat GPS: N 42\u00ba 7&#8242; 7.156\u00bb E 2\u00ba 25&#8242; 50.635\u00bb Latitud 42.118654393929454 Longitud 2.4307319487343193 En coche, estamos: A 20 minutos de Vic. A 1 hora\u00a0de Girona. &hellip; <a href=\"https:\/\/www.maslacoromina.cat\/es\/contacto\/\">Continuado<\/a><\/p>\n","protected":false},"author":2,"featured_media":0,"parent":0,"menu_order":0,"comment_status":"closed","ping_status":"closed","template":"template-contact.php","meta":{"_acf_changed":false,"footnotes":""},"class_list":["post-2822","page","type-page","status-publish","hentry"],"acf":[],"yoast_head":"<!-- This site is optimized with the Yoast SEO plugin v27.1.1 - https:\/\/yoast.com\/product\/yoast-seo-wordpress\/ -->\n<title>CONTACTO - Mas la Coromina \u00b7 Granja ecol\u00f2gica ATO natura<\/title>\n<meta name=\"robots\" content=\"index, follow, max-snippet:-1, max-image-preview:large, max-video-preview:-1\" \/>\n<link rel=\"canonical\" href=\"https:\/\/www.maslacoromina.cat\/es\/contacto\/\" \/>\n<meta property=\"og:locale\" content=\"es_ES\" \/>\n<meta property=\"og:type\" content=\"article\" \/>\n<meta property=\"og:title\" content=\"CONTACTO - Mas la Coromina \u00b7 Granja ecol\u00f2gica ATO natura\" \/>\n<meta property=\"og:description\" content=\"Mas la Coromina Joanetes, Vall d&#8217;en Bas, Garrotxa Tel\u00e9fono: 699 746 752 Correo electr\u00f3nico: info@maslacoromina.cat GPS: N 42\u00ba 7&#8242; 7.156\u00bb E 2\u00ba 25&#8242; 50.635\u00bb Latitud 42.118654393929454 Longitud 2.4307319487343193 En coche, estamos: A 20 minutos de Vic. A 1 hora\u00a0de Girona. &hellip; Continuado\" \/>\n<meta property=\"og:url\" content=\"https:\/\/www.maslacoromina.cat\/es\/contacto\/\" \/>\n<meta property=\"og:site_name\" content=\"Mas la Coromina \u00b7 Granja ecol\u00f2gica ATO natura\" \/>\n<meta property=\"article:modified_time\" content=\"2019-01-15T11:58:06+00:00\" \/>\n<meta name=\"twitter:card\" content=\"summary_large_image\" \/>\n<script type=\"application\/ld+json\" class=\"yoast-schema-graph\">{\"@context\":\"https:\/\/schema.org\",\"@graph\":[{\"@type\":\"WebPage\",\"@id\":\"https:\/\/www.maslacoromina.cat\/es\/contacto\/\",\"url\":\"https:\/\/www.maslacoromina.cat\/es\/contacto\/\",\"name\":\"CONTACTO - Mas la Coromina \u00b7 Granja ecol\u00f2gica ATO natura\",\"isPartOf\":{\"@id\":\"https:\/\/www.maslacoromina.cat\/#website\"},\"datePublished\":\"2018-05-16T09:10:07+00:00\",\"dateModified\":\"2019-01-15T11:58:06+00:00\",\"breadcrumb\":{\"@id\":\"https:\/\/www.maslacoromina.cat\/es\/contacto\/#breadcrumb\"},\"inLanguage\":\"es\",\"potentialAction\":[{\"@type\":\"ReadAction\",\"target\":[\"https:\/\/www.maslacoromina.cat\/es\/contacto\/\"]}]},{\"@type\":\"BreadcrumbList\",\"@id\":\"https:\/\/www.maslacoromina.cat\/es\/contacto\/#breadcrumb\",\"itemListElement\":[{\"@type\":\"ListItem\",\"position\":1,\"name\":\"Home\",\"item\":\"https:\/\/www.maslacoromina.cat\/es\/\"},{\"@type\":\"ListItem\",\"position\":2,\"name\":\"CONTACTO\"}]},{\"@type\":\"WebSite\",\"@id\":\"https:\/\/www.maslacoromina.cat\/#website\",\"url\":\"https:\/\/www.maslacoromina.cat\/\",\"name\":\"Mas la Coromina \u00b7 Granja ecol\u00f2gica ATO natura\",\"description\":\"granja ecol\u00f2gica de la Garrotxa per visitar amb nens\",\"potentialAction\":[{\"@type\":\"SearchAction\",\"target\":{\"@type\":\"EntryPoint\",\"urlTemplate\":\"https:\/\/www.maslacoromina.cat\/?s={search_term_string}\"},\"query-input\":{\"@type\":\"PropertyValueSpecification\",\"valueRequired\":true,\"valueName\":\"search_term_string\"}}],\"inLanguage\":\"es\"}]}<\/script>\n<!-- \/ Yoast SEO plugin. -->","yoast_head_json":{"title":"CONTACTO - Mas la Coromina \u00b7 Granja ecol\u00f2gica ATO natura","robots":{"index":"index","follow":"follow","max-snippet":"max-snippet:-1","max-image-preview":"max-image-preview:large","max-video-preview":"max-video-preview:-1"},"canonical":"https:\/\/www.maslacoromina.cat\/es\/contacto\/","og_locale":"es_ES","og_type":"article","og_title":"CONTACTO - Mas la Coromina \u00b7 Granja ecol\u00f2gica ATO natura","og_description":"Mas la Coromina Joanetes, Vall d&#8217;en Bas, Garrotxa Tel\u00e9fono: 699 746 752 Correo electr\u00f3nico: info@maslacoromina.cat GPS: N 42\u00ba 7&#8242; 7.156\u00bb E 2\u00ba 25&#8242; 50.635\u00bb Latitud 42.118654393929454 Longitud 2.4307319487343193 En coche, estamos: A 20 minutos de Vic. A 1 hora\u00a0de Girona. &hellip; Continuado","og_url":"https:\/\/www.maslacoromina.cat\/es\/contacto\/","og_site_name":"Mas la Coromina \u00b7 Granja ecol\u00f2gica ATO natura","article_modified_time":"2019-01-15T11:58:06+00:00","twitter_card":"summary_large_image","schema":{"@context":"https:\/\/schema.org","@graph":[{"@type":"WebPage","@id":"https:\/\/www.maslacoromina.cat\/es\/contacto\/","url":"https:\/\/www.maslacoromina.cat\/es\/contacto\/","name":"CONTACTO - Mas la Coromina \u00b7 Granja ecol\u00f2gica ATO natura","isPartOf":{"@id":"https:\/\/www.maslacoromina.cat\/#website"},"datePublished":"2018-05-16T09:10:07+00:00","dateModified":"2019-01-15T11:58:06+00:00","breadcrumb":{"@id":"https:\/\/www.maslacoromina.cat\/es\/contacto\/#breadcrumb"},"inLanguage":"es","potentialAction":[{"@type":"ReadAction","target":["https:\/\/www.maslacoromina.cat\/es\/contacto\/"]}]},{"@type":"BreadcrumbList","@id":"https:\/\/www.maslacoromina.cat\/es\/contacto\/#breadcrumb","itemListElement":[{"@type":"ListItem","position":1,"name":"Home","item":"https:\/\/www.maslacoromina.cat\/es\/"},{"@type":"ListItem","position":2,"name":"CONTACTO"}]},{"@type":"WebSite","@id":"https:\/\/www.maslacoromina.cat\/#website","url":"https:\/\/www.maslacoromina.cat\/","name":"Mas la Coromina \u00b7 Granja ecol\u00f2gica ATO natura","description":"granja ecol\u00f2gica de la Garrotxa per visitar amb nens","potentialAction":[{"@type":"SearchAction","target":{"@type":"EntryPoint","urlTemplate":"https:\/\/www.maslacoromina.cat\/?s={search_term_string}"},"query-input":{"@type":"PropertyValueSpecification","valueRequired":true,"valueName":"search_term_string"}}],"inLanguage":"es"}]}},"_links":{"self":[{"href":"https:\/\/www.maslacoromina.cat\/es\/wp-json\/wp\/v2\/pages\/2822","targetHints":{"allow":["GET"]}}],"collection":[{"href":"https:\/\/www.maslacoromina.cat\/es\/wp-json\/wp\/v2\/pages"}],"about":[{"href":"https:\/\/www.maslacoromina.cat\/es\/wp-json\/wp\/v2\/types\/page"}],"author":[{"embeddable":true,"href":"https:\/\/www.maslacoromina.cat\/es\/wp-json\/wp\/v2\/users\/2"}],"replies":[{"embeddable":true,"href":"https:\/\/www.maslacoromina.cat\/es\/wp-json\/wp\/v2\/comments?post=2822"}],"version-history":[{"count":8,"href":"https:\/\/www.maslacoromina.cat\/es\/wp-json\/wp\/v2\/pages\/2822\/revisions"}],"predecessor-version":[{"id":4533,"href":"https:\/\/www.maslacoromina.cat\/es\/wp-json\/wp\/v2\/pages\/2822\/revisions\/4533"}],"wp:attachment":[{"href":"https:\/\/www.maslacoromina.cat\/es\/wp-json\/wp\/v2\/media?parent=2822"}],"curies":[{"name":"wp","href":"https:\/\/api.w.org\/{rel}","templated":true}]}}