{"id":2893,"date":"2016-11-04T08:43:14","date_gmt":"2016-11-04T08:43:14","guid":{"rendered":"http:\/\/www.maslacoromina.cat\/avis-legal\/"},"modified":"2018-05-21T07:46:31","modified_gmt":"2018-05-21T07:46:31","slug":"aviso-legal","status":"publish","type":"page","link":"https:\/\/www.maslacoromina.cat\/es\/aviso-legal\/","title":{"rendered":"Aviso legal"},"content":{"rendered":"<p>&nbsp;<\/p>\n<p><strong>Pol\u00edtica de privacidad y aviso legal<\/strong><\/p>\n<p>MAS LA COROMINA 2010 S.L. como titular de este sitio web, expone en esta secci\u00f3n la Pol\u00edtica de Privacidad corporativa presidida por el cumplimiento de la legislaci\u00f3n vigente en materia de protecci\u00f3n de datos de car\u00e1cter personal, Ley org\u00e1nica 15\/1999, de 13 de diciembre, de Protecci\u00f3n de Datos de Car\u00e1cter Personal (LOPD) y por el Real Decreto 1720\/2007, de 21 de diciembre, por el que se aprueba el Reglamento de Desarrollo de la Ley Org\u00e1nica 15\/1999 (RLOPD).<\/p>\n<p><strong>Pol\u00edtica de privacidad<\/strong><\/p>\n<p><strong><br \/>\nProtecci\u00f3n de datos<\/strong><\/p>\n<p><strong>\u00a0<\/strong><\/p>\n<p>En cumplimiento a lo previsto en la Ley Org\u00e1nica 15\/1999 de Protecci\u00f3n de Datos Personales, de 13 de diciembre, se informa que los datos personales as\u00ed como la difusi\u00f3n de im\u00e1genes recogidas en este portal web, ser\u00e1n tratados de forma confidencial y pasar\u00e1n a formar parte de un fichero titularidad de MAS LA COROMINA 2010 S.L. debidamente inscrito en la Agencia Espa\u00f1ola de Protecci\u00f3n de Datos y que no ser\u00e1n cedidos a terceros. MAS LA COROMINA 2010 S.L se compromete a tratar sus datos de manera confidencial con la \u00fanica y exclusiva finalidad de prestar los servicios encargados, por lo que adoptar\u00e1 las medidas legalmente previstas y necesarias para evitar su alteraci\u00f3n, p\u00e9rdida, tratamiento y\/o acceso no autorizado, teniendo en cuenta el estado de la tecnolog\u00eda, la naturaleza de los datos almacenados y de los riesgos a los que est\u00e1n expuestos, provenientes de la acci\u00f3n humana o del medio f\u00edsico natural.<\/p>\n<p>Cualquier modificaci\u00f3n de sus datos, deber\u00e1 ser comunicada a MAS LA COROMINA 2010 S.L. para que la informaci\u00f3n que contienen nuestros ficheros est\u00e9 siempre actualizada y no contenga errores. As\u00ed mismo, con la aceptaci\u00f3n de esta pol\u00edtica de Privacidad, usted reconoce que la informaci\u00f3n y los datos personales recogidos son exactos y veraces.<\/p>\n<p>Podr\u00e1 ejercer sus derechos de acceso, rectificaci\u00f3n, cancelaci\u00f3n y oposici\u00f3n a sus datos personales o im\u00e1genes. Puede hacerlo enviando un escrito a <strong>Mas La Coromina, s\/n Joanetes \u2013 La Vall d\u2019en Bas 17176 (Girona)\u00a0<\/strong>o un correo electr\u00f3nico a <strong>\u00a0<a href=\"mailto:info@maslacoromina.cat\">info@maslacoromina.cat<\/a><\/strong><\/p>\n<p>MAS LA COROMINA 2010 S.L. se reserva la Pol\u00edtica de Privacidad, de acuerdo a su propio criterio, o motivado por un cambio legislativo, jurisprudencial o doctrinal de la Agencia Espa\u00f1ola de Protecci\u00f3n de Datos.<\/p>\n<p>De conformidad a lo que dispone el art\u00edculo 51 LO 15\/1999, de 13 de diciembre, de Protecci\u00f3n de datos, se informa que las instalaciones de la empresa est\u00e1n dotadas de un sistema de video vigilancia. Que las im\u00e1genes registradas mediante el sistema de video-vigilancia de las instalaciones se incorporar\u00e1n al fichero denominado \u00abVIDEO-VIGILANCIA\u00bb propiedad de la empresa y ser\u00e1n tratados con la \u00fanica y exclusiva finalidad de mantener la seguridad en las instalaciones de la misma. El destinatario de las im\u00e1genes y el responsable del fichero es la propia empresa MAS LA COROMINA 2010 S.L. Y que puede ejercer sus derechos de acceso, modificaci\u00f3n, cancelaci\u00f3n y oposici\u00f3n ante el responsable del fichero dirigi\u00e9ndose por escrito a Mas La Coromina, s\/n Joanetes \u2013 La Vall d\u2019en Bas 17176 (Girona)\u00a0o enviando un correo electr\u00f3nico\u00a0<strong>\u00a0<a href=\"mailto:info@maslacoromina.cat\" target=\"_blank\" rel=\"noopener noreferrer\">info@maslacoromina.cat<\/a>.<\/strong><\/p>\n<p><strong><br \/>\nAviso legal<br \/>\n<\/strong><\/p>\n<p><a href=\"http:\/\/www.maslacoromina.cat\"><strong>www.maslacoromina.cat<\/strong><\/a><\/p>\n<p>Mas La Coromina 2010 S.L. pone a disposici\u00f3n de los usuarios de este sitio web determinados contenidos de car\u00e1cter informativo sobre sus actividades.<\/p>\n<p>Las presentes condiciones generales rigen \u00fanica y exclusivamente el uso del sitio web <a style=\"background-color: #ffffff;\" href=\"http:\/\/www.maslacoromina.cat\">www.maslacoromina.cat<\/a>\u00a0por parte de los usuarios que accedan a \u00e9l. Las presentes condiciones generales se exponen a los usuarios en todas y cada una de las p\u00e1ginas del sitio web, y en el caso de que el usuario introduzca sus datos en los formularios existentes, no lo podr\u00e1 hacer sin que se haya producido su aceptaci\u00f3n.<\/p>\n<p>El acceso al sitio web maslacoromina.cat implica la aceptaci\u00f3n de las presentes condiciones generales de uso que el usuario afirma comprender en su totalidad. El usuario se compromete a no utilizar el sitio web y los servicios que se ofrecen en el mismo para la realizaci\u00f3n de actividades contrarias a la ley y a respetar en todo momento las presentes condiciones generales.<\/p>\n<p>El uso del sitio web maslacoromina.cat no comporta la de inscripci\u00f3n del Usuario. \u00danicamente en el caso de realizar las compras online en el propio sitio web usted nos facilitar\u00e1 informaci\u00f3n personal con la \u00fanica y exclusiva finalidad de proceder con la gesti\u00f3n de la compra y enviarle informaci\u00f3n y publicidad de actividades relacionadas con Mas La Coromina 2010 S.L.<\/p>\n<p>Los datos personales recogidos obligatorios para llevar a cabo la compra online ser\u00e1n: nombre y apellidos, direcci\u00f3n, municipio, provincia, c\u00f3digo postal, tel\u00e9fono, correo electr\u00f3nico y n\u00famero de tarjeta para realizar el pago a trav\u00e9s de la plataforma online; todos estos datos quedar\u00e1n guardados en nuestra base de datos, de acuerdo a lo que establece la LOPD.<\/p>\n<p>Al introducir sus datos personales para realizar una compra est\u00e1 aceptando que permanezcan guardados para su procesamiento y utilizaci\u00f3n por parte de MAS LA COROMINA 2010 S.L. en la tramitaci\u00f3n de la compra.<\/p>\n<p>Usted tendr\u00e1 la opci\u00f3n de aceptar el env\u00edo de informaci\u00f3n, descuentos y publicidad de todas aquellas actividades que se lleven a cabo en MAS LA COROMINA 2010 S.L. en el momento de introducir sus datos a trav\u00e9s del sitio web.<\/p>\n<p>Las condiciones generales para el acceso y uso del sitio web se rigen estrictamente por la legalidad vigente y por el principio de buena fe, comprometiendo al usuario a realizar un buen uso del sitio web. Quedan prohibidos todos los actos que vulneren la legalidad, derechos o intereses de terceros.<\/p>\n<p><strong>\u00a0<\/strong><\/p>\n<p><strong>Propiedad Intelectual e industrial<\/strong><\/p>\n<p>Todos los contenidos que se muestren en el web y, en especial, im\u00e1genes, c\u00f3digos de fuentes, dise\u00f1os, textos, gr\u00e1ficos, logotipos, nombres comerciales, marcas, etc., susceptibles de uso industrial y comercial, est\u00e1n sujetos a derechos de propiedad intelectual e industrial de MAS LA COROMINA 2010 S.L. o de terceros titulares de los mismos que han autorizado debidamente su inclusi\u00f3n en la web.<\/p>\n<p>La utilizaci\u00f3n, sin la previa y expresa autorizaci\u00f3n de MAS LA COROMINA 2010 S.L. de la informaci\u00f3n contenida en el sitio web, as\u00ed como la lesi\u00f3n de los derechos sobre la propiedad intelectual o industrial dar\u00e1 lugar a las responsabilidades legalmente establecidas, seg\u00fan regula el art\u00edculo 8 y 3212 de la Ley de Propiedad Intelectual e Industrial.<\/p>\n<p><strong><br \/>\nResponsabilidad de los contenidos<\/strong><\/p>\n<p>MAS LA COROMINA 2010 S.L. se reserva cambios en el sitio web sin previo aviso, a fin de mantener actualizada su informaci\u00f3n a\u00f1adiendo, modificando, corrigiendo o eliminando.<\/p>\n<p>MAS LA COROMINA 2010 S.L. no se har\u00e1 responsable del uso que los terceros hagan de la informaci\u00f3n publicada en el sitio web, ni tampoco de los da\u00f1os provocados o p\u00e9rdidas econ\u00f3micas, que de forma directa o indirecta, produzcan o puedan producir perjuicios econ\u00f3micos, materiales o sobre datos, provocados por el uso de esta informaci\u00f3n.<\/p>\n<p>&nbsp;<\/p>\n<p><strong>Reproducci\u00f3n de contenidos<\/strong><br \/>\nSe proh\u00edbe la reproducci\u00f3n total o parcial de los contenidos publicados en este sitio web.<\/p>\n<p><strong><br \/>\nExclusi\u00f3n de Responsabilidad<\/strong><\/p>\n<p>MAS LA COROMINA 2010 S.L. no se hace responsable en ning\u00fan caso de da\u00f1os y perjuicios de cualquier naturaleza que puedan ocasionarse a t\u00edtulo enunciativo, errores u omisiones en los contenidos, falta de disponibilidad de la web o la transmisi\u00f3n de virus o programas maliciosos o lesivos en los contenidos, a pesar de haberse adoptado todas las medidas tecnol\u00f3gicas y de seguridad necesarias para evitarlo.<\/p>\n<p><strong>\u00a0<\/strong><\/p>\n<p><strong>Ley aplicable y jurisdicci\u00f3n<\/strong><\/p>\n<p>La ley aplicable en caso de disputa o conflicto de interpretaci\u00f3n de los t\u00e9rminos que conforman este aviso legal, as\u00ed como cualquier otra cuesti\u00f3n relacionada con los servicios del propio sitio web se regir\u00e1n por la Legislaci\u00f3n Espa\u00f1ola, siendo competentes los Juzgados y Tribunales Espa\u00f1oles.<\/p>\n<p>&nbsp;<\/p>\n<p><strong>Pol\u00edtica de privacidad en redes sociales<\/strong><\/p>\n<p>En cumplimiento a la Ley Org\u00e1nica 15\/1999, de 13 de diciembre, de Protecci\u00f3n de Datos de Car\u00e1cter Personal (LOPD) y la Ley 34\/2002, de 11 de julio, de Servicios de la Sociedad de la Informaci\u00f3n y de Comercio Electr\u00f3nico (LSSI-CE), MAS LA COROMINA 2010 S.L. informa a los usuarios que se ha procedido a crear un perfil en las redes sociales Facebook e Instagram, a fin de hacer publicidad de nuestros servicios y eventos.<\/p>\n<p>El usuario que disponga de un perfil en la misma red socia, y se una al perfil de la red social creada por MAS LA COROMINA 2010 S.L. mostrando as\u00ed inter\u00e9s en la informaci\u00f3n que se publicite en la red, nos estar\u00e1 facilitando su consentimiento para el tratamiento de aquellos datos personales publicados en su perfil.<\/p>\n<p>MAS LA COROMINA 2010 S.L. tendr\u00e1 acceso y tratar\u00e1 aquella informaci\u00f3n p\u00fablica del usuario, en especial del nombre del contacto, pero estos datos ser\u00e1n exclusivamente utilizados dentro de la propia red social, sin ser incorporados a ning\u00fan fichero.<\/p>\n<p>Puede ejercer sus derechos de acceso, rectificaci\u00f3n, cancelaci\u00f3n y oposici\u00f3n de sus datos personales en <strong>MAS LA COROMINA 2010 S.L. Mas La Coromina, s\/n Joanetes \u2013 La Vall d\u2019en Bas 17176 (Girona)<\/strong>\u00a0o enviando un correo electr\u00f3nico a <a href=\"mailto:info@maslacoromina.com\"><strong>info@maslacoromina.com<\/strong><\/a> de acuerdo a la LOPD, pero han de tenerse en cuenta las siguientes apreciaciones:<\/p>\n<p>*Acceso: Estar\u00e1 definido para la funcionalidad de la Red Social y la capacidad de acceso a la informaci\u00f3n de los perfiles de los usuarios.<\/p>\n<p>*Rectificaci\u00f3n: S\u00f3lo podr\u00e1 satisfacerse en relaci\u00f3n a aquella informaci\u00f3n que se encuentra bajo el control de Mas La Coromina 2010 S.L. por ejemplo, eliminar comentarios publicados en la propia red social. Normalmente, este derecho deber\u00e1 ejercerse frente a la red social.<\/p>\n<p>*Cancelaci\u00f3n y\/u oposici\u00f3n: Como en el caso anterior, \u00fanicamente podr\u00e1 satisfacerse en relaci\u00f3n a aquella informaci\u00f3n que se encuentre bajo el control de Mas La Coromina 2010 S.L., por ejemplo, dejar de estar unido al perfil de la red social a nombre de Mas La Coromina 2010 S.L.<\/p>\n<p>Mas La Coromina 2010 S.L. realizar\u00e1 las siguientes actuaciones:<\/p>\n<p>*Acceso a la informaci\u00f3n p\u00fablica del perfil.<\/p>\n<p>*Publicaci\u00f3n en el perfil de usuario de toda aquella informaci\u00f3n ya publicada en la p\u00e1gina de Mas La Coromina 2010 S.L.<\/p>\n<p>*Enviar mensajes personales e individuales a trav\u00e9s de la red social.<\/p>\n<p>*Actualizaciones del estado del perfil de la red social que se publicar\u00e1n en el perfil del usuario.<\/p>\n<p>El usuario siempre puede controlar sus conexiones, eliminar los contenidos que dejen de interesarle y restringir con qui\u00e9n comparte sus conexiones; para ello tendr\u00e1 que acceder a su configuraci\u00f3n de privacidad.<\/p>\n<p>&nbsp;<\/p>\n<p><strong>Publicaciones<\/strong><br \/>\nEl usuario, una vez se hay unido a la red social de MAS LA COROMINA 2010 S.L. podr\u00e1 publicar comentarios, enlaces, im\u00e1genes, fotos o cualquier otro tipo de contenido multimedia soportado por la red social. El usuario, en todos los casos, tendr\u00e1 que ser el titular de estos, disfrutar de los derechos de autor y de propiedad intelectual o tener el consentimiento de los terceros afectados. Se proh\u00edbe expresamente cualquier publicaci\u00f3n en la p\u00e1gina, tr\u00e1tese de textos, gr\u00e1ficos, fotos, o videos&#8230; que atenten o sean susceptibles de atentar contra la moral, la \u00e9tica, el buen gusto y\/o que atenten o infrinjan los derechos de propiedad intelectual o industrial, el derecho a la imagen o a la ley. En estos casos, MAS LA COROMINA 2010 S.L. se reserva el derecho de retirar de inmediato el contenido, pudiendo solicitar el bloqueo permanente del usuario.<\/p>\n<p>Mas La Coromina 2010 S.L. no se har\u00e1 responsable de los contenidos que libremente haya publicado el usuario.<\/p>\n<p>El usuario deber\u00e1 tener presente que sus publicaciones ser\u00e1n conocidas por otros usuarios, por este motivo es, al mismo tiempo, el principal responsable de su privacidad.<\/p>\n<p>Las im\u00e1genes que puedan publicarse en la red social no ser\u00e1n almacenadas en ning\u00fan fichero por parte de Mas La Coromina 2010 S.L. pero s\u00ed estar\u00e1n en la red social.<\/p>\n<p>&nbsp;<\/p>\n<p><strong>Concursos y promociones<\/strong><\/p>\n<p>Mas La Coromina 2010 S.L. se reserva el derecho a realizar concursos y promociones, en los que podr\u00e1 participar el usuario unido a su red social. Las bases de cada uno de ellos, cuando la plataforma de la red social se utilice a tal fin, ser\u00e1n publicadas en la misma. Cumpliendo siempre con la LSSI-CE y con cualquier otra norma que le sea de aplicaci\u00f3n.<\/p>\n<p>La Red Social no patrocina, avala ni administra, de modo alguno, ninguna de nuestras promociones, ni est\u00e1 asociada a ninguna de ellas.<\/p>\n<p><strong>Publicidad<\/strong><br \/>\nMas La Coromina 2010 S.L. utilizar\u00e1 la red social para publicitar sus productos y servicios; en todo caso, si decide tratar sus datos de contacto para realizar acciones directas de prospecci\u00f3n comercial, ser\u00e1 siempre cumpliendo con las exigencias legales de la LOPD y de la LSSI-CE.<\/p>\n<p>No se considerar\u00e1 publicidad el hecho de recomendar a otros usuarios la p\u00e1gina de Mas La Coromina 2010 S.L. para que tambi\u00e9n ellos puedan disfrutar de las promociones o estar informados de su actividad.<\/p>\n<p>A continuaci\u00f3n detallamos el enlace a la pol\u00edtica de privacidad de las Redes Sociales:<\/p>\n<p>*Facebook: <a style=\"background-color: #ffffff;\" href=\"https:\/\/www.facebook.com\/help\/323540651073243\/\">https:\/\/www.facebook.com\/help\/323540651073243\/<\/a><strong><br \/>\n<\/strong><\/p>\n<p>*Instagram: <a href=\"https:\/\/www.instagram.com\/about\/legal\/privacy\/\">https:\/\/www.instagram.com\/about\/legal\/privacy\/<\/a><\/p>\n<p>*Twitter:\u00a0<a href=\"https:\/\/twitter.com\/es\/privacy\" target=\"_blank\" rel=\"noopener noreferrer\">https:\/\/twitter.com\/es\/privacy<\/a><\/p>\n","protected":false},"excerpt":{"rendered":"<p>&nbsp; Pol\u00edtica de privacidad y aviso legal MAS LA COROMINA 2010 S.L. como titular de este sitio web, expone en esta secci\u00f3n la Pol\u00edtica de Privacidad corporativa presidida por el cumplimiento de la legislaci\u00f3n vigente en materia de protecci\u00f3n de &hellip; <a href=\"https:\/\/www.maslacoromina.cat\/es\/aviso-legal\/\">Continuado<\/a><\/p>\n","protected":false},"author":1,"featured_media":0,"parent":0,"menu_order":0,"comment_status":"closed","ping_status":"closed","template":"","meta":{"_acf_changed":false,"footnotes":""},"class_list":["post-2893","page","type-page","status-publish","hentry"],"acf":[],"yoast_head":"<!-- This site is optimized with the Yoast SEO plugin v27.1.1 - https:\/\/yoast.com\/product\/yoast-seo-wordpress\/ -->\n<title>Aviso legal - Mas la Coromina \u00b7 Granja ecol\u00f2gica ATO natura<\/title>\n<meta name=\"robots\" content=\"index, follow, max-snippet:-1, max-image-preview:large, max-video-preview:-1\" \/>\n<link rel=\"canonical\" href=\"https:\/\/www.maslacoromina.cat\/es\/aviso-legal\/\" \/>\n<meta property=\"og:locale\" content=\"es_ES\" \/>\n<meta property=\"og:type\" content=\"article\" \/>\n<meta property=\"og:title\" content=\"Aviso legal - Mas la Coromina \u00b7 Granja ecol\u00f2gica ATO natura\" \/>\n<meta property=\"og:description\" content=\"&nbsp; Pol\u00edtica de privacidad y aviso legal MAS LA COROMINA 2010 S.L. como titular de este sitio web, expone en esta secci\u00f3n la Pol\u00edtica de Privacidad corporativa presidida por el cumplimiento de la legislaci\u00f3n vigente en materia de protecci\u00f3n de &hellip; Continuado\" \/>\n<meta property=\"og:url\" content=\"https:\/\/www.maslacoromina.cat\/es\/aviso-legal\/\" \/>\n<meta property=\"og:site_name\" content=\"Mas la Coromina \u00b7 Granja ecol\u00f2gica ATO natura\" \/>\n<meta property=\"article:modified_time\" content=\"2018-05-21T07:46:31+00:00\" \/>\n<meta name=\"twitter:card\" content=\"summary_large_image\" \/>\n<meta name=\"twitter:label1\" content=\"Tiempo de lectura\" \/>\n\t<meta name=\"twitter:data1\" content=\"11 minutos\" \/>\n<script type=\"application\/ld+json\" class=\"yoast-schema-graph\">{\"@context\":\"https:\/\/schema.org\",\"@graph\":[{\"@type\":\"WebPage\",\"@id\":\"https:\/\/www.maslacoromina.cat\/es\/aviso-legal\/\",\"url\":\"https:\/\/www.maslacoromina.cat\/es\/aviso-legal\/\",\"name\":\"Aviso legal - Mas la Coromina \u00b7 Granja ecol\u00f2gica ATO natura\",\"isPartOf\":{\"@id\":\"https:\/\/www.maslacoromina.cat\/#website\"},\"datePublished\":\"2016-11-04T08:43:14+00:00\",\"dateModified\":\"2018-05-21T07:46:31+00:00\",\"breadcrumb\":{\"@id\":\"https:\/\/www.maslacoromina.cat\/es\/aviso-legal\/#breadcrumb\"},\"inLanguage\":\"es\",\"potentialAction\":[{\"@type\":\"ReadAction\",\"target\":[\"https:\/\/www.maslacoromina.cat\/es\/aviso-legal\/\"]}]},{\"@type\":\"BreadcrumbList\",\"@id\":\"https:\/\/www.maslacoromina.cat\/es\/aviso-legal\/#breadcrumb\",\"itemListElement\":[{\"@type\":\"ListItem\",\"position\":1,\"name\":\"Home\",\"item\":\"https:\/\/www.maslacoromina.cat\/es\/\"},{\"@type\":\"ListItem\",\"position\":2,\"name\":\"Aviso legal\"}]},{\"@type\":\"WebSite\",\"@id\":\"https:\/\/www.maslacoromina.cat\/#website\",\"url\":\"https:\/\/www.maslacoromina.cat\/\",\"name\":\"Mas la Coromina \u00b7 Granja ecol\u00f2gica ATO natura\",\"description\":\"granja ecol\u00f2gica de la Garrotxa per visitar amb nens\",\"potentialAction\":[{\"@type\":\"SearchAction\",\"target\":{\"@type\":\"EntryPoint\",\"urlTemplate\":\"https:\/\/www.maslacoromina.cat\/?s={search_term_string}\"},\"query-input\":{\"@type\":\"PropertyValueSpecification\",\"valueRequired\":true,\"valueName\":\"search_term_string\"}}],\"inLanguage\":\"es\"}]}<\/script>\n<!-- \/ Yoast SEO plugin. -->","yoast_head_json":{"title":"Aviso legal - Mas la Coromina \u00b7 Granja ecol\u00f2gica ATO natura","robots":{"index":"index","follow":"follow","max-snippet":"max-snippet:-1","max-image-preview":"max-image-preview:large","max-video-preview":"max-video-preview:-1"},"canonical":"https:\/\/www.maslacoromina.cat\/es\/aviso-legal\/","og_locale":"es_ES","og_type":"article","og_title":"Aviso legal - Mas la Coromina \u00b7 Granja ecol\u00f2gica ATO natura","og_description":"&nbsp; Pol\u00edtica de privacidad y aviso legal MAS LA COROMINA 2010 S.L. como titular de este sitio web, expone en esta secci\u00f3n la Pol\u00edtica de Privacidad corporativa presidida por el cumplimiento de la legislaci\u00f3n vigente en materia de protecci\u00f3n de &hellip; Continuado","og_url":"https:\/\/www.maslacoromina.cat\/es\/aviso-legal\/","og_site_name":"Mas la Coromina \u00b7 Granja ecol\u00f2gica ATO natura","article_modified_time":"2018-05-21T07:46:31+00:00","twitter_card":"summary_large_image","twitter_misc":{"Tiempo de lectura":"11 minutos"},"schema":{"@context":"https:\/\/schema.org","@graph":[{"@type":"WebPage","@id":"https:\/\/www.maslacoromina.cat\/es\/aviso-legal\/","url":"https:\/\/www.maslacoromina.cat\/es\/aviso-legal\/","name":"Aviso legal - Mas la Coromina \u00b7 Granja ecol\u00f2gica ATO natura","isPartOf":{"@id":"https:\/\/www.maslacoromina.cat\/#website"},"datePublished":"2016-11-04T08:43:14+00:00","dateModified":"2018-05-21T07:46:31+00:00","breadcrumb":{"@id":"https:\/\/www.maslacoromina.cat\/es\/aviso-legal\/#breadcrumb"},"inLanguage":"es","potentialAction":[{"@type":"ReadAction","target":["https:\/\/www.maslacoromina.cat\/es\/aviso-legal\/"]}]},{"@type":"BreadcrumbList","@id":"https:\/\/www.maslacoromina.cat\/es\/aviso-legal\/#breadcrumb","itemListElement":[{"@type":"ListItem","position":1,"name":"Home","item":"https:\/\/www.maslacoromina.cat\/es\/"},{"@type":"ListItem","position":2,"name":"Aviso legal"}]},{"@type":"WebSite","@id":"https:\/\/www.maslacoromina.cat\/#website","url":"https:\/\/www.maslacoromina.cat\/","name":"Mas la Coromina \u00b7 Granja ecol\u00f2gica ATO natura","description":"granja ecol\u00f2gica de la Garrotxa per visitar amb nens","potentialAction":[{"@type":"SearchAction","target":{"@type":"EntryPoint","urlTemplate":"https:\/\/www.maslacoromina.cat\/?s={search_term_string}"},"query-input":{"@type":"PropertyValueSpecification","valueRequired":true,"valueName":"search_term_string"}}],"inLanguage":"es"}]}},"_links":{"self":[{"href":"https:\/\/www.maslacoromina.cat\/es\/wp-json\/wp\/v2\/pages\/2893","targetHints":{"allow":["GET"]}}],"collection":[{"href":"https:\/\/www.maslacoromina.cat\/es\/wp-json\/wp\/v2\/pages"}],"about":[{"href":"https:\/\/www.maslacoromina.cat\/es\/wp-json\/wp\/v2\/types\/page"}],"author":[{"embeddable":true,"href":"https:\/\/www.maslacoromina.cat\/es\/wp-json\/wp\/v2\/users\/1"}],"replies":[{"embeddable":true,"href":"https:\/\/www.maslacoromina.cat\/es\/wp-json\/wp\/v2\/comments?post=2893"}],"version-history":[{"count":2,"href":"https:\/\/www.maslacoromina.cat\/es\/wp-json\/wp\/v2\/pages\/2893\/revisions"}],"predecessor-version":[{"id":2895,"href":"https:\/\/www.maslacoromina.cat\/es\/wp-json\/wp\/v2\/pages\/2893\/revisions\/2895"}],"wp:attachment":[{"href":"https:\/\/www.maslacoromina.cat\/es\/wp-json\/wp\/v2\/media?parent=2893"}],"curies":[{"name":"wp","href":"https:\/\/api.w.org\/{rel}","templated":true}]}}